{"id":440,"date":"2019-04-05T15:00:30","date_gmt":"2019-04-05T14:00:30","guid":{"rendered":"https:\/\/research.abdn.ac.uk\/dev-poam\/?page_id=440"},"modified":"2019-05-06T11:33:39","modified_gmt":"2019-05-06T10:33:39","slug":"university-of-nis","status":"publish","type":"page","link":"https:\/\/research.abdn.ac.uk\/poam\/national-points-of-contact\/university-of-nis\/","title":{"rendered":"University of Ni\u0161, Serbia"},"content":{"rendered":"<h3>University of Ni\u0161<\/h3>\n<p>The <a href=\"http:\/\/www.prafak.ni.ac.rs\/en\/\">Universityof Ni\u0161<\/a> was founded in 1965. Since then, 68408 students have graduated from the University, 1350 of them being foreign citizens, while 3819 postgraduates acquired their magister degrees and 2128 candidates, including 45 foreigners, defended their doctoral dissertations. The mission of the University of Ni\u0161 is integration into the European higher education area in accordance with the highest quality standards of education, research and professional work. The Faculty of Law was established in 1960, initially as the Law Department at the Faculty of Law and Economics in Ni\u0161 operating under the auspices of the University of Belgrade. Since 1st October 1970, the Faculty of Law has been an independent institution of higher education within the institutional framework of the University of Ni\u0161. Within the Faculty of Law, the Center for Legal and Social Research is a constituent part of the scientific research unit primarily aimed at organizing and managing the Faculty scientific research activities. The Center encompasses the entire body of Faculty professors and teaching assistants but project activities may also include the Faculty non-teaching staff and external associates.<\/p>\n<h4>Profesor Sanja Marjanovi\u0107<\/h4>\n<p>Profesor Sanja Marjanovi\u0107 is the Vice-President of the Center for Private International Law of the Hague Conventions at the Faculty of Law of the University of Ni\u0161. She was the Secretary of the Serbian Ministry of Justice\u2019s Working Group for Drafting the new Private International Law Act (2011-2014). Serbian Government&#8217;s Council on Private International Law has appointed Sanja Marjanovi\u0107 as the rapporteur at the Council&#8217;s expert discussions on the proposals for the ratification of two Hague Conventions &#8211; Convention of 19 October 1996 on Jurisdiction, Applicable Law, Recognition, Enforcement and Co-operation in Respect of Parental Responsibility and Measures for the Protection of Children and the Convention of 23 November 2007 on the International Recovery of Child Support and Other Forms of Family Maintenance.<\/p>\n","protected":false},"excerpt":{"rendered":"<p>University of Ni\u0161 The Universityof Ni\u0161 was founded in 1965. Since then, 68408 students have graduated from the University, 1350 of them being foreign citizens, while 3819 postgraduates acquired their magister degrees and 2128 candidates, including 45 foreigners, defended their doctoral dissertations. The mission of the University of Ni\u0161 is integration into the European higher <\/p>\n<p><a class=\"btn btn-secondary understrap-read-more-link\" href=\"https:\/\/research.abdn.ac.uk\/poam\/national-points-of-contact\/university-of-nis\/\">Read More&#8230;<\/a><\/p>\n","protected":false},"author":7,"featured_media":0,"parent":130,"menu_order":0,"comment_status":"closed","ping_status":"closed","template":"","meta":{"_acf_changed":false,"footnotes":""},"class_list":["post-440","page","type-page","status-publish","hentry"],"acf":[],"yoast_head":"<!-- This site is optimized with the Yoast SEO plugin v27.4 - https:\/\/yoast.com\/product\/yoast-seo-wordpress\/ -->\n<title>University of Ni\u0161, Serbia - POAM Project<\/title>\n<meta name=\"robots\" content=\"index, follow, max-snippet:-1, max-image-preview:large, max-video-preview:-1\" \/>\n<link rel=\"canonical\" href=\"https:\/\/research.abdn.ac.uk\/poam\/national-points-of-contact\/university-of-nis\/\" \/>\n<meta property=\"og:locale\" content=\"en_GB\" \/>\n<meta property=\"og:type\" content=\"article\" \/>\n<meta property=\"og:title\" content=\"University of Ni\u0161, Serbia - POAM Project\" \/>\n<meta property=\"og:description\" content=\"University of Ni\u0161 The Universityof Ni\u0161 was founded in 1965. Since then, 68408 students have graduated from the University, 1350 of them being foreign citizens, while 3819 postgraduates acquired their magister degrees and 2128 candidates, including 45 foreigners, defended their doctoral dissertations. The mission of the University of Ni\u0161 is integration into the European higher Read More...\" \/>\n<meta property=\"og:url\" content=\"https:\/\/research.abdn.ac.uk\/poam\/national-points-of-contact\/university-of-nis\/\" \/>\n<meta property=\"og:site_name\" content=\"POAM Project\" \/>\n<meta property=\"article:modified_time\" content=\"2019-05-06T10:33:39+00:00\" \/>\n<meta name=\"twitter:card\" content=\"summary_large_image\" \/>\n<meta name=\"twitter:label1\" content=\"Est. reading time\" \/>\n\t<meta name=\"twitter:data1\" content=\"1 minute\" \/>\n<script type=\"application\/ld+json\" class=\"yoast-schema-graph\">{\"@context\":\"https:\\\/\\\/schema.org\",\"@graph\":[{\"@type\":\"WebPage\",\"@id\":\"https:\\\/\\\/research.abdn.ac.uk\\\/poam\\\/national-points-of-contact\\\/university-of-nis\\\/\",\"url\":\"https:\\\/\\\/research.abdn.ac.uk\\\/poam\\\/national-points-of-contact\\\/university-of-nis\\\/\",\"name\":\"University of Ni\u0161, Serbia - POAM Project\",\"isPartOf\":{\"@id\":\"https:\\\/\\\/research.abdn.ac.uk\\\/poam\\\/#website\"},\"datePublished\":\"2019-04-05T14:00:30+00:00\",\"dateModified\":\"2019-05-06T10:33:39+00:00\",\"breadcrumb\":{\"@id\":\"https:\\\/\\\/research.abdn.ac.uk\\\/poam\\\/national-points-of-contact\\\/university-of-nis\\\/#breadcrumb\"},\"inLanguage\":\"en-GB\",\"potentialAction\":[{\"@type\":\"ReadAction\",\"target\":[\"https:\\\/\\\/research.abdn.ac.uk\\\/poam\\\/national-points-of-contact\\\/university-of-nis\\\/\"]}]},{\"@type\":\"BreadcrumbList\",\"@id\":\"https:\\\/\\\/research.abdn.ac.uk\\\/poam\\\/national-points-of-contact\\\/university-of-nis\\\/#breadcrumb\",\"itemListElement\":[{\"@type\":\"ListItem\",\"position\":1,\"name\":\"Home\",\"item\":\"https:\\\/\\\/research.abdn.ac.uk\\\/poam\\\/\"},{\"@type\":\"ListItem\",\"position\":2,\"name\":\"National Points of Contact\",\"item\":\"https:\\\/\\\/research.abdn.ac.uk\\\/poam\\\/national-points-of-contact\\\/\"},{\"@type\":\"ListItem\",\"position\":3,\"name\":\"University of Ni\u0161, Serbia\"}]},{\"@type\":\"WebSite\",\"@id\":\"https:\\\/\\\/research.abdn.ac.uk\\\/poam\\\/#website\",\"url\":\"https:\\\/\\\/research.abdn.ac.uk\\\/poam\\\/\",\"name\":\"POAM Project\",\"description\":\"Protection of Abducting Mothers in Return Proceedings: Intersection between Domestic Violence and Parental Child Abduction\",\"publisher\":{\"@id\":\"https:\\\/\\\/research.abdn.ac.uk\\\/poam\\\/#organization\"},\"potentialAction\":[{\"@type\":\"SearchAction\",\"target\":{\"@type\":\"EntryPoint\",\"urlTemplate\":\"https:\\\/\\\/research.abdn.ac.uk\\\/poam\\\/?s={search_term_string}\"},\"query-input\":{\"@type\":\"PropertyValueSpecification\",\"valueRequired\":true,\"valueName\":\"search_term_string\"}}],\"inLanguage\":\"en-GB\"},{\"@type\":\"Organization\",\"@id\":\"https:\\\/\\\/research.abdn.ac.uk\\\/poam\\\/#organization\",\"name\":\"POAM Project\",\"url\":\"https:\\\/\\\/research.abdn.ac.uk\\\/poam\\\/\",\"logo\":{\"@type\":\"ImageObject\",\"inLanguage\":\"en-GB\",\"@id\":\"https:\\\/\\\/research.abdn.ac.uk\\\/poam\\\/#\\\/schema\\\/logo\\\/image\\\/\",\"url\":\"https:\\\/\\\/research.abdn.ac.uk\\\/wp-content\\\/uploads\\\/sites\\\/15\\\/2019\\\/03\\\/poam-logo-white.fw_.png\",\"contentUrl\":\"https:\\\/\\\/research.abdn.ac.uk\\\/wp-content\\\/uploads\\\/sites\\\/15\\\/2019\\\/03\\\/poam-logo-white.fw_.png\",\"width\":150,\"height\":40,\"caption\":\"POAM Project\"},\"image\":{\"@id\":\"https:\\\/\\\/research.abdn.ac.uk\\\/poam\\\/#\\\/schema\\\/logo\\\/image\\\/\"}}]}<\/script>\n<!-- \/ Yoast SEO plugin. -->","yoast_head_json":{"title":"University of Ni\u0161, Serbia - POAM Project","robots":{"index":"index","follow":"follow","max-snippet":"max-snippet:-1","max-image-preview":"max-image-preview:large","max-video-preview":"max-video-preview:-1"},"canonical":"https:\/\/research.abdn.ac.uk\/poam\/national-points-of-contact\/university-of-nis\/","og_locale":"en_GB","og_type":"article","og_title":"University of Ni\u0161, Serbia - POAM Project","og_description":"University of Ni\u0161 The Universityof Ni\u0161 was founded in 1965. Since then, 68408 students have graduated from the University, 1350 of them being foreign citizens, while 3819 postgraduates acquired their magister degrees and 2128 candidates, including 45 foreigners, defended their doctoral dissertations. The mission of the University of Ni\u0161 is integration into the European higher Read More...","og_url":"https:\/\/research.abdn.ac.uk\/poam\/national-points-of-contact\/university-of-nis\/","og_site_name":"POAM Project","article_modified_time":"2019-05-06T10:33:39+00:00","twitter_card":"summary_large_image","twitter_misc":{"Est. reading time":"1 minute"},"schema":{"@context":"https:\/\/schema.org","@graph":[{"@type":"WebPage","@id":"https:\/\/research.abdn.ac.uk\/poam\/national-points-of-contact\/university-of-nis\/","url":"https:\/\/research.abdn.ac.uk\/poam\/national-points-of-contact\/university-of-nis\/","name":"University of Ni\u0161, Serbia - POAM Project","isPartOf":{"@id":"https:\/\/research.abdn.ac.uk\/poam\/#website"},"datePublished":"2019-04-05T14:00:30+00:00","dateModified":"2019-05-06T10:33:39+00:00","breadcrumb":{"@id":"https:\/\/research.abdn.ac.uk\/poam\/national-points-of-contact\/university-of-nis\/#breadcrumb"},"inLanguage":"en-GB","potentialAction":[{"@type":"ReadAction","target":["https:\/\/research.abdn.ac.uk\/poam\/national-points-of-contact\/university-of-nis\/"]}]},{"@type":"BreadcrumbList","@id":"https:\/\/research.abdn.ac.uk\/poam\/national-points-of-contact\/university-of-nis\/#breadcrumb","itemListElement":[{"@type":"ListItem","position":1,"name":"Home","item":"https:\/\/research.abdn.ac.uk\/poam\/"},{"@type":"ListItem","position":2,"name":"National Points of Contact","item":"https:\/\/research.abdn.ac.uk\/poam\/national-points-of-contact\/"},{"@type":"ListItem","position":3,"name":"University of Ni\u0161, Serbia"}]},{"@type":"WebSite","@id":"https:\/\/research.abdn.ac.uk\/poam\/#website","url":"https:\/\/research.abdn.ac.uk\/poam\/","name":"POAM Project","description":"Protection of Abducting Mothers in Return Proceedings: Intersection between Domestic Violence and Parental Child Abduction","publisher":{"@id":"https:\/\/research.abdn.ac.uk\/poam\/#organization"},"potentialAction":[{"@type":"SearchAction","target":{"@type":"EntryPoint","urlTemplate":"https:\/\/research.abdn.ac.uk\/poam\/?s={search_term_string}"},"query-input":{"@type":"PropertyValueSpecification","valueRequired":true,"valueName":"search_term_string"}}],"inLanguage":"en-GB"},{"@type":"Organization","@id":"https:\/\/research.abdn.ac.uk\/poam\/#organization","name":"POAM Project","url":"https:\/\/research.abdn.ac.uk\/poam\/","logo":{"@type":"ImageObject","inLanguage":"en-GB","@id":"https:\/\/research.abdn.ac.uk\/poam\/#\/schema\/logo\/image\/","url":"https:\/\/research.abdn.ac.uk\/wp-content\/uploads\/sites\/15\/2019\/03\/poam-logo-white.fw_.png","contentUrl":"https:\/\/research.abdn.ac.uk\/wp-content\/uploads\/sites\/15\/2019\/03\/poam-logo-white.fw_.png","width":150,"height":40,"caption":"POAM Project"},"image":{"@id":"https:\/\/research.abdn.ac.uk\/poam\/#\/schema\/logo\/image\/"}}]}},"_links":{"self":[{"href":"https:\/\/research.abdn.ac.uk\/poam\/wp-json\/wp\/v2\/pages\/440","targetHints":{"allow":["GET"]}}],"collection":[{"href":"https:\/\/research.abdn.ac.uk\/poam\/wp-json\/wp\/v2\/pages"}],"about":[{"href":"https:\/\/research.abdn.ac.uk\/poam\/wp-json\/wp\/v2\/types\/page"}],"author":[{"embeddable":true,"href":"https:\/\/research.abdn.ac.uk\/poam\/wp-json\/wp\/v2\/users\/7"}],"replies":[{"embeddable":true,"href":"https:\/\/research.abdn.ac.uk\/poam\/wp-json\/wp\/v2\/comments?post=440"}],"version-history":[{"count":7,"href":"https:\/\/research.abdn.ac.uk\/poam\/wp-json\/wp\/v2\/pages\/440\/revisions"}],"predecessor-version":[{"id":656,"href":"https:\/\/research.abdn.ac.uk\/poam\/wp-json\/wp\/v2\/pages\/440\/revisions\/656"}],"up":[{"embeddable":true,"href":"https:\/\/research.abdn.ac.uk\/poam\/wp-json\/wp\/v2\/pages\/130"}],"wp:attachment":[{"href":"https:\/\/research.abdn.ac.uk\/poam\/wp-json\/wp\/v2\/media?parent=440"}],"curies":[{"name":"wp","href":"https:\/\/api.w.org\/{rel}","templated":true}]}}